{"id":1272,"date":"2017-10-30T17:01:02","date_gmt":"2017-10-30T16:01:02","guid":{"rendered":"https:\/\/projects.lsv.ens-paris-saclay.fr\/topology\/?page_id=1272"},"modified":"2023-06-27T14:24:32","modified_gmt":"2023-06-27T12:24:32","slug":"a-characterization-of-fac-spaces","status":"publish","type":"page","link":"https:\/\/projects.lsv.ens-paris-saclay.fr\/topology\/?page_id=1272","title":{"rendered":"A characterization of FAC spaces"},"content":{"rendered":"<p>In the <a href=\"https:\/\/projects.lsv.ens-paris-saclay.fr\/topology\/?page_id=1147\">open problem<\/a> section, I defined a <a href=\"https:\/\/projects.lsv.ens-paris-saclay.fr\/topology\/?page_id=1141\">FAC space<\/a> as a topological space in which every closed subspace is a finite union of irreducible closed subspaces.\u00a0 FAC is for &#8220;finite antichain property&#8221;, since it generalizes the following theorem: a poset has the finite antichain property (namely, all its antichains are finite) if and only if its downwards-closed subsets are finite unions of ideals.<\/p>\n<h2>A bit of history.<\/h2>\n<p>That theorem (about posets) has a curious history.\u00a0 It has been discovered over and over.\u00a0 I have learned about it by reading M. Kabil and Maurice Pouzet [2], but it had been proved earlier by Jimmie Lawson, Mike Mislove and Hilary Priestley [3], by R. Bonnet [4], and by others.\u00a0 In some of those papers, you will see that the result is credited to Erd\u0151s and Tarski in 1943 [5].\u00a0 The first time I heard about that, I looked at the Erd\u0151s-Tarski paper, and I could not find the result or anything vaguely looking like it.\u00a0 My colleague Alain Finkel once asked Maurice Pouzet about that state of affairs, and apparently the result is implicit in the Erd\u0151s-Tarski paper.<\/p>\n<h2>Characterizing FAC spaces.<\/h2>\n<p>Anyway, I think I have finally nailed the correct topological generalization of that theorem by Erd\u0151s and Tarski.\u00a0 Here it is.\u00a0 I do not have much merit in proving the characterization theorem below.\u00a0 This is essentially the Lawson-Mislove-Priestley proof [3], suitably modified.<\/p>\n<p><strong>Definition.<\/strong> A subset <em>A<\/em> of a topological space\u00a0<em>X<\/em> is a <em>topological antichain<\/em> if and only if the subspace topology on <em>A<\/em> is discrete (all its subsets are open).<strong><br \/>\n<\/strong><\/p>\n<p><strong>Theorem.<\/strong> Given a topological space <em>X<\/em>, the following are equivalent.<\/p>\n<ol>\n<li>Every closed subspace of <em>X<\/em> is a finite union of irreducible closed subsets;<\/li>\n<li>Every topological antichain of <em>X<\/em> is finite.<\/li>\n<\/ol>\n<p>It therefore really makes sense to call those spaces FAC.\u00a0 The purpose of this post is to give a proof of that theorem.<\/p>\n<h2>An alternative view on topological antichains.<\/h2>\n<p>First, we give an alternative characterization of topological antichains.<\/p>\n<p><strong>Lemma 1.<\/strong> Let <em>A<\/em> be a subset of a topological space <em>X<\/em>.\u00a0 <em>A<\/em> is a topological antichain if and only if, for every <em>x<\/em> \u2208 <em>A<\/em>, <em>x<\/em> is not in the closure cl (<em>A<\/em> \u2014 {<em>x<\/em>}).\u00a0 (We take closures in <em>X<\/em>, here.)<\/p>\n<p><em>Proof.<\/em>\u00a0 If <em>A<\/em> is a topological antichain, then for every <em>x<\/em> \u2208 <em>A<\/em>, {<em>x<\/em>} is open in <em>A<\/em>, so <em>A<\/em> \u2014 {<em>x<\/em>} is closed in <em>A<\/em>.\u00a0 That means that <em>A<\/em> \u2014 {<em>x<\/em>} occurs as the intersection of some closed subset of <em>X<\/em> with <em>A<\/em>, and the smallest one is cl (<em>A<\/em> \u2014 {<em>x<\/em>}).\u00a0 That cannot contain <em>x<\/em> since its intersection with <em>A<\/em> is <em>A<\/em> \u2014 {<em>x<\/em>}.<\/p>\n<p>Conversely, for every <em>x<\/em> \u2208 <em>A<\/em>, if <em>x<\/em> is not in the closure cl (<em>A<\/em> \u2014 {<em>x<\/em>}), then it lies in some open subset <em>U<\/em> of <em>X<\/em> that does not intersect <em>A<\/em> \u2014 {<em>x<\/em>}.\u00a0 Then <em>U<\/em> \u2229 <em>A<\/em> is open in <em>A<\/em>, but only contains the point <em>x<\/em> from <em>A<\/em>.\u00a0 It follows that every one-element subset of <em>A<\/em> is open in <em>A<\/em>, whence <em>A<\/em> is discrete.\u00a0 \u2610<\/p>\n<h2>The key lemma.<\/h2>\n<p>Second, we prove a useful lemma, generalizing Lemma 3 of [3] to the topological case.<\/p>\n<p><strong>Lemma 2.<\/strong> Let <em>X<\/em> be a topological space, and <em>M<\/em> be an infinite family of irreducible closed subsets of <em>X<\/em>, with the property that for every infinite subfamily <em>N<\/em> of <em>M<\/em>, cl (\u222a<em>N<\/em>)=cl (\u222a<em>M<\/em>).\u00a0 (\u222a<em>M<\/em> denotes the union of all the elements of <em>M<\/em>.)\u00a0 Then cl (\u222a<em>M<\/em>) is irreducible closed.<\/p>\n<p><em>Proof.<\/em>\u00a0 We shall repeatedly use the fact that if an open set intersects the closure of a set <em>E<\/em>, then it intersects <em>E<\/em>.\u00a0 Let <em>U<\/em> and <em>V<\/em> be two open subsets of <em>X<\/em> that intersect cl (\u222a<em>M<\/em>).\u00a0 It suffices to show that cl (\u222a<em>M<\/em>) intersects <em>U<\/em> \u2229 <em>V<\/em>.\u00a0 (Trick 8.2.3 in the <a href=\"https:\/\/www.cambridge.org\/gb\/knowledge\/isbn\/item7069109\/Non-Hausdorff%20Topology%20and%20Domain%20Theory\/?site_locale=en_GB\">book<\/a>.)\u00a0 Let <em>M&#8217;<\/em> be the subfamily of those <em>I<\/em> \u2208<em> M<\/em> such that <em>U<\/em> intersects <em>I<\/em>.\u00a0 <em>M&#8217;<\/em> is non-empty: since <em>U<\/em> intersects cl (\u222a<em>M<\/em>), it intersects \u222a<em>M<\/em>, hence some <em>I<\/em> \u2208<em> M<\/em>.<\/p>\n<p>If <em>M&#8217;<\/em> were finite, then <em>M<\/em> \u2014 <em>M&#8217;<\/em> would be infinite, so by assumption cl (\u222a(<em>M<\/em> \u2014 <em>M&#8217;<\/em>)) would be equal to cl (\u222a<em>M<\/em>).\u00a0 However, <em>U<\/em> intersects the latter, so it would intersect the former, hence also \u222a(<em>M<\/em> \u2014 <em>M&#8217;<\/em>), hence also some <em>I<\/em> \u2208 <em>M<\/em> \u2014 <em>M&#8217;<\/em>.\u00a0 That would contradict the definition of <em>M&#8217;<\/em>.\u00a0 Therefore <em>M&#8217;<\/em> is infinite.<\/p>\n<p>Since <em>M&#8217;<\/em> is infinite, we use the assumption again and we obtain cl (\u222a<em>M&#8217;<\/em>)=cl (\u222a<em>M<\/em>).\u00a0 We now use the fact that <em>V<\/em>, not just <em>U<\/em>, intersects cl (\u222a<em>M<\/em>).\u00a0 Then <em>V<\/em> must also intersect cl (\u222a<em>M&#8217;<\/em>), hence \u222a<em>M&#8217;<\/em>, and therefore it must intersect some <em>I<\/em> \u2208 <em>M&#8217;<\/em>.\u00a0 By definition of <em>M&#8217;<\/em>, <em>U<\/em> also intersects <em>I<\/em>.\u00a0 Since <em>I<\/em> is irreducible closed, it must therefore intersect <em>U<\/em> \u2229 <em>V<\/em>.\u00a0 Since <em>I<\/em> is included in cl (\u222a<em>M<\/em>), the latter must also intersect <em>U<\/em> \u2229 <em>V<\/em>.\u00a0 \u2610<\/p>\n<h2>Proving the hard implication 2 \u21d2 1.<\/h2>\n<p>We now prove the difficult implication 2 \u21d2 1 of the theorem.\u00a0 More precisely, we prove its contrapositive, namely: we assume that there is a closed subset <em>C<\/em> of <em>X<\/em> that cannot be written as a finite union of irreducible closed subsets, and we shall build an infinite topological antichain in <em>X<\/em>.<\/p>\n<p>Recall that the sobrification <strong>S<\/strong>(<em>X<\/em>) of <em>X<\/em> is sober (Corollary 8.2.23 in the <a href=\"https:\/\/www.cambridge.org\/gb\/knowledge\/isbn\/item7069109\/Non-Hausdorff%20Topology%20and%20Domain%20Theory\/?site_locale=en_GB\">book<\/a>), and that every sober space is a dcpo in its specialization ordering (Proposition 8.2.34).\u00a0 The supremum of a directed family of irreducible closed subsets is the closure of their union (it suffices to show that the latter is irreducible: show that if it intersects two opens <em>U<\/em> and <em>V<\/em>, then it intersects <em>U<\/em> \u2229 <em>V<\/em>!).\u00a0 In particular, the supremum of a directed family of irreducible closed subsets included in <em>C<\/em> is again included in <em>C<\/em>.\u00a0 It follows that the poset of all irreducible closed subsets of <em>X<\/em> included in <em>C<\/em> is inductive.\u00a0 Hence we can apply Zorn&#8217;s Lemma (Theorem 2.4.2): every irreducible closed subset of <em>X<\/em> included in\u00a0<em>C<\/em> is contained in some maximal irreducible closed subset of\u00a0<em>X<\/em> included in <em>C<\/em>.\u00a0 (Exercise: an irreducible closed subset of <em>X<\/em> included in <em>C<\/em> is the same thing as an irreducible closed subset of the subspace <em>C<\/em>.\u00a0 That simplifies the latter statement, and also allows for a different proof of the latter fact, working in\u00a0<strong>S<\/strong>(<em>C<\/em>) instead of <strong>S<\/strong>(<em>X<\/em>).)<\/p>\n<p>In particular, for every <em>x<\/em> \u2208<em> C<\/em>, \u2193<em>x<\/em> is such an irreducible closed subset of <em>X<\/em> included in <em>C<\/em>.\u00a0 Let <em>M<\/em><sub>0<\/sub> be the collection of all maximal irreducible closed subsets of <em>X<\/em> included in <em>C<\/em>.\u00a0 We have just shown that <em>C<\/em>=\u222a<em>M<\/em><sub>0<\/sub>.\u00a0 In particular, <em>C<\/em>=cl (\u222a<em>M<\/em><sub>0<\/sub>).<\/p>\n<p>Since <em>C<\/em> is not a finite union of irreducible closed subsets, it is in particular not irreducible.\u00a0 The contrapositive of Lemma 2 then implies the existence of an infinite subset\u00a0<em>M<\/em><sub>1<\/sub> of\u00a0<em>M<\/em><sub>0<\/sub> such that cl (\u222a<em>M<\/em><sub>1<\/sub>) is strictly included in cl (\u222a<em>M<\/em><sub>0<\/sub>).<\/p>\n<p>If cl (\u222a<em>M<\/em><sub>1<\/sub>) were an irreducible closed subset, since it is included in <em>C<\/em>, it would be included in some maximal irreducible closed subset of <em>X<\/em> included in <em>C<\/em>, namely in some member of <em>M<\/em><sub>0<\/sub>.\u00a0 In particular,\u00a0\u222a<em>M<\/em><sub>1<\/sub> would be included in some member of <em>M<\/em><sub>0<\/sub>.\u00a0 Since all elements of\u00a0<em>M<\/em><sub>0<\/sub> are maximal, hence pairwise incomparable, that would imply that\u00a0<em>M<\/em><sub>1<\/sub> contains only one element.\u00a0 That is impossible, since\u00a0<em>M<\/em><sub>1<\/sub> is infinite.<\/p>\n<p>Hence we can reapply Lemma 2: there is an infinite subset <em>M<\/em><sub>2<\/sub> of\u00a0<em>M<\/em><sub>1<\/sub> such that cl (\u222a<em>M<\/em><sub>2<\/sub>) is strictly included in cl (\u222a<em>M<\/em><sub>1<\/sub>).<\/p>\n<p>Again cl (\u222a<em>M<\/em><sub>2<\/sub>) cannot be irreducible, hence we can find an infinite subset <em>M<\/em><sub>3<\/sub> of\u00a0<em>M<\/em><sub>2<\/sub> such that cl (\u222a<em>M<\/em><sub>3<\/sub>) is strictly included in cl (\u222a<em>M<\/em><sub>2<\/sub>), and proceed infinitely that way.\u00a0 To make that clear, we have an infinite, antitone sequence of infinite subsets <em>M<\/em><sub>0<\/sub> \u2287 <em>M<\/em><sub>1<\/sub> \u2287 <em>M<\/em><sub>2<\/sub> \u2287 &#8230;\u00a0\u2287 <em>M<sub>n<\/sub><\/em> \u2287 &#8230; such that cl (\u222a<em>M<\/em><sub>0<\/sub>) \u2283 cl (\u222a<em>M<\/em><sub>1<\/sub>) \u2283 cl (\u222a<em>M<\/em><sub>2<\/sub>) \u2283 &#8230; \u2283 cl (\u222a<em>M<sub>n<\/sub><\/em>) \u2283 &#8230; (all inclusions here are strict; from which we can conclude that the inclusions <em>M<\/em><sub>0<\/sub> \u2287 <em>M<\/em><sub>1<\/sub> \u2287 <em>M<\/em><sub>2<\/sub> \u2287 &#8230;\u00a0\u2287 <em>M<sub>n<\/sub><\/em> \u2287 &#8230; are strict as well).<\/p>\n<p>We can therefore pick an irreducible closed subset <em>I<sub>n<\/sub><\/em> in <em>M<sub>n<\/sub><\/em> that is not contained in cl (\u222a<em>M<sub>n<\/sub><\/em><sub>+1<\/sub>), for each natural number <em>n<\/em>.\u00a0 Indeed, if every element <em>I<\/em> of <em>M<sub>n<\/sub><\/em> were in cl (\u222a<em>M<sub>n<\/sub><\/em><sub>+1<\/sub>), then\u00a0\u222a<em>M<sub>n<\/sub><\/em> would be included in cl (\u222a<em>M<sub>n<\/sub><\/em><sub>+1<\/sub>), so cl (\u222a<em>M<sub>n<\/sub><\/em>) would be included in cl (\u222a<em>M<sub>n<\/sub><\/em><sub>+1<\/sub>) as well, contradicting cl (\u222a<em>M<sub>n<\/sub><\/em>) \u2283 cl (\u222a<em>M<sub>n<\/sub><\/em><sub>+1<\/sub>).<\/p>\n<p>We now claim that <em>I<sub>n<\/sub><\/em> cannot be included in cl (\u222a{<em>I<sub>m<\/sub><\/em> | <em>m<\/em>\u2260<em>n<\/em>}).\u00a0 Assume the contrary.\u00a0 Since for every <em>m<\/em>&gt;<em>n<\/em>, <em>I<sub>m<\/sub><\/em> is in <em>M<sub>m<\/sub><\/em> \u2286 <em>M<sub>n<\/sub><\/em><sub>+1<\/sub>, <em>I<sub>n<\/sub><\/em> would be included in cl (<em>I<\/em><sub>0<\/sub> \u222a <em>I<\/em><sub>1<\/sub>\u00a0\u222a <em>I<\/em><sub>2<\/sub>\u00a0\u222a &#8230;\u00a0\u222a <em>I<sub>n<\/sub><\/em><sub>-1<\/sub> \u222a (\u222a<em>M<sub>n<\/sub><\/em><sub>+1<\/sub>)).\u00a0 Closure commutes with finite unions (not all unions!), so <em>I<sub>n<\/sub><\/em> would be included in <em>I<\/em><sub>0<\/sub> \u222a <em>I<\/em><sub>1<\/sub>\u00a0\u222a <em>I<\/em><sub>2<\/sub>\u00a0\u222a &#8230;\u00a0\u222a <em>I<sub>n<\/sub><\/em><sub>-1<\/sub> \u222a cl (\u222a<em>M<sub>n<\/sub><\/em><sub>+1<\/sub>).\u00a0 (Remember that each one of <em>I<\/em><sub>0<\/sub>, <em>I<\/em><sub>1<\/sub>, <em>I<\/em><sub>2<\/sub>, &#8230;, <em>I<sub>n<\/sub><\/em><sub>-1<\/sub> is already closed.)\u00a0 Since <em>I<sub>n<\/sub><\/em> is irreducible, it must be included in one term of the union.\u00a0 It cannot be included in cl (\u222a<em>M<sub>n<\/sub><\/em><sub>+1<\/sub>), by definition.\u00a0 And it cannot be included in any <em>I<sub>k<\/sub><\/em>, with <em>k<\/em>&lt;<em>n<\/em>, since all those irreducible closed subsets, being maximal, are pairwise incomparable.<\/p>\n<p>Finally, since <em>I<sub>n<\/sub><\/em> is not included in cl (\u222a{<em>I<sub>m<\/sub><\/em> | <em>m<\/em>\u2260<em>n<\/em>}), we can pick a point <em>x<sub>n<\/sub><\/em> of <em>I<sub>n<\/sub><\/em> that is not in cl (\u222a{<em>I<sub>m<\/sub><\/em> | <em>m<\/em>\u2260<em>n<\/em>}), for each natural number <em>n<\/em>.\u00a0 Since <em>x<sub>m<\/sub><\/em> is in <em>I<sub>m<\/sub><\/em>, for every <em>m<\/em>, cl (\u222a{<em>I<sub>m<\/sub><\/em> | <em>m<\/em>\u2260<em>n<\/em>}) contains cl {<em>x<sub>m<\/sub><\/em> | <em>m<\/em>\u2260<em>n<\/em>}.\u00a0 It follows that <em>x<sub>n<\/sub><\/em> is not in cl {<em>x<sub>m<\/sub><\/em> | <em>m<\/em>\u2260<em>n<\/em>}.\u00a0 Lemma 1 states that the family {<em>x<sub>n<\/sub><\/em> | <em>n<\/em> \u2208 <strong>N<\/strong>} is a (necessarily infinite) topological antichain.<\/p>\n<h2>The proof of the easier implication 1 \u21d2 2.<\/h2>\n<p>For the record, here is the proof of the much easier implication 1 \u21d2 2.\u00a0 We assume an infinite topological antichain <em>A<\/em>.\u00a0 We shall simply show that cl (<em>A<\/em>) cannot be written as a finite union of irreducible closed subsets of <em>X<\/em>.\u00a0 Assume one could write cl (<em>A<\/em>) as the finite union <em>I<\/em><sub>0<\/sub> \u222a <em>I<\/em><sub>1<\/sub>\u00a0\u222a <em>I<\/em><sub>2<\/sub>\u00a0\u222a &#8230;\u00a0\u222a <em>I<sub>n<\/sub><\/em><sub>-1<\/sub>, where each <em>I<sub>k<\/sub><\/em> is irreducible closed in <em>X<\/em>.<\/p>\n<p>For each <em>k<\/em>, if <em>I<sub>k<\/sub><\/em> contains some point <em>x<\/em> of <em>A<\/em>, then, writing cl (<em>A<\/em>) as the closure of <em>x<\/em>, namely \u2193<em>x<\/em>, union cl (<em>A<\/em> \u2014 {<em>x<\/em>}) (recall that closures commute with finite unions), and recalling that <em>I<sub>k<\/sub><\/em> is irreducible and included in cl (<em>A<\/em>), we obtain that\u00a0<em>I<sub>k<\/sub><\/em> is included in \u2193<em>x<\/em> or in cl (<em>A<\/em> \u2014 {<em>x<\/em>}).\u00a0 The latter is impossible if <em>I<sub>k<\/sub><\/em> contains <em>x<\/em>, since <em>A<\/em> is a topological antichain: indeed, Lemma 1 states that <em>x<\/em> is not in cl (<em>A<\/em> \u2014 {<em>x<\/em>}).\u00a0 Therefore <em>I<sub>k<\/sub><\/em>=\u2193<em>x<\/em>.<\/p>\n<p>That implies that every\u00a0<em>I<sub>k<\/sub><\/em> can contain at most one point <em>x<\/em> from <em>A<\/em>.\u00a0 Explicitly, if it contained two distinct points <em>x<\/em> and <em>y<\/em> of <em>A<\/em>, then <em>I<sub>k<\/sub><\/em> would be equal to \u2193<em>x<\/em>, and also to \u2193<em>y<\/em>.\u00a0 If we had assumed <em>X<\/em> to be T<sub>0<\/sub>, we could conclude\u00a0<em>x<\/em>=<em>y<\/em>, but we haven&#8217;t made that assumption, and we must therefore work slightly harder.\u00a0 Since <em>A<\/em> is a topological antichain, <em>x<\/em> is not in cl (<em>A<\/em> \u2014 {<em>x<\/em>}), hence neither in the smaller subset cl ({<em>y<\/em>})=\u2193<em>y<\/em>.\u00a0 That shows that <em>x<\/em> is not less than or equal to <em>y<\/em>.\u00a0 That contradicts \u2193<em>x<\/em>=\u2193<em>y<\/em>.<\/p>\n<p>We now have infinitely many points in <em>A<\/em>, hence in cl (<em>A<\/em>) = <em>I<\/em><sub>0<\/sub> \u222a <em>I<\/em><sub>1<\/sub>\u00a0\u222a <em>I<\/em><sub>2<\/sub>\u00a0\u222a &#8230;\u00a0\u222a <em>I<sub>n<\/sub><\/em><sub>-1<\/sub>, but each <em>I<sub>k<\/sub><\/em> can contain at most one point from <em>A<\/em>.\u00a0 That is impossible, by the pigeonhole principle (&#8220;to put infinitely many pigeons in some pigeonholes, in such a way that each pigeonhole contains at most one pigeon, you need infinitely many pigeonholes&#8221;).\u00a0 \u2610<\/p>\n<h2>To conclude.<\/h2>\n<p>Hence we have a full characterization of those topological spaces in which closed subsets are finite unions of irreducible closed subsets, answering our (previously) <a href=\"https:\/\/projects.lsv.ens-paris-saclay.fr\/topology\/?page_id=1141\">open question<\/a>.<\/p>\n<p>If you want something to think about, remember that I said the following on that page: every topological space <em>X<\/em> such that every closed subspace <em>C<\/em> has a dense Noetherian subspace <em>D<\/em>, is FAC.\u00a0 The following is still open: are the FAC spaces exactly those such that every closed subspace has a dense Noetherian subspace? \u00a0(Added June 27th, 2023: this question was solved in the positive in a 2017 <a href=\"https:\/\/arxiv.org\/abs\/1712.08739\">arXiv report<\/a> with Maurice Pouzet.)<\/p>\n<ol>\n<li>Jean Goubault-Larrecq. <a href=\"https:\/\/www.cambridge.org\/fr\/academic\/subjects\/mathematics\/geometry-and-topology\/non-hausdorff-topology-and-domain-theory-selected-topics-point-set-topology?format=HB&amp;isbn=9781107034136\">Non-Hausdorff Topology and Domain Theory \u2014 Selected Topics in Point-Set Topology<\/a>. New Mathematical Monographs 22. Cambridge University Press, 2013.<\/li>\n<li>M. Kabil and M. Pouzet. Une extension d\u2019un th\u00e9or\u00e8me de P. Julien sur les \u00e2ges de mots. Informatique th\u00e9orique et applications, 26(5):449\u2013482, 1992.<\/li>\n<li>Jimmie D. Lawson, Michael Mislove, and Hilary Priestley.\u00a0 <a href=\"https:\/\/www.sciencedirect.com\/science\/article\/pii\/0012365X87900100\">Ordered sets with no infinite antichains<\/a>.\u00a0 Discrete Mathematics 63:225-230, 1987.<\/li>\n<li>R. Bonnet.\u00a0 On the cardinality of the set of initial intervals of a partially ordered set.\u00a0 Colloquium of the J\u00e1nos Bolyai Mathematical Society (Colloq. Math. Soc. J\u00e1nos Bolyai) 10:189-198, 1973.<\/li>\n<li>P\u00e1l Erd\u0151s and Alfred Tarski.\u00a0 On families of mutually exclusive sets.\u00a0 Annals of Mathematics 44:315-329, 1943.<\/li>\n<\/ol>\n<p style=\"text-align: right;\">\u2014 <a href=\"https:\/\/www.lsv.ens-paris-saclay.fr\/~goubault\/?l=en\" rel=\"attachment wp-att-993\">Jean Goubault-Larrecq<\/a>(Oct. 30th, 2017)<img loading=\"lazy\" decoding=\"async\" class=\"wp-image-993 alignright\" src=\"https:\/\/projects.lsv.ens-paris-saclay.fr\/topology\/wp-content\/uploads\/2016\/08\/jgl-2011.png\" alt=\"jgl-2011\" width=\"32\" height=\"44\" \/><\/p>\n","protected":false},"excerpt":{"rendered":"<p>In the open problem section, I defined a FAC space as a topological space in which every closed subspace is a finite union of irreducible closed subspaces.\u00a0 FAC is for &#8220;finite antichain property&#8221;, since it generalizes the following theorem: a &hellip; <a href=\"https:\/\/projects.lsv.ens-paris-saclay.fr\/topology\/?page_id=1272\">Continue reading <span class=\"meta-nav\">&rarr;<\/span><\/a><\/p>\n","protected":false},"author":1,"featured_media":0,"parent":0,"menu_order":0,"comment_status":"closed","ping_status":"closed","template":"","meta":{"_crdt_document":"","footnotes":""},"class_list":["post-1272","page","type-page","status-publish","hentry"],"_links":{"self":[{"href":"https:\/\/projects.lsv.ens-paris-saclay.fr\/topology\/index.php?rest_route=\/wp\/v2\/pages\/1272","targetHints":{"allow":["GET"]}}],"collection":[{"href":"https:\/\/projects.lsv.ens-paris-saclay.fr\/topology\/index.php?rest_route=\/wp\/v2\/pages"}],"about":[{"href":"https:\/\/projects.lsv.ens-paris-saclay.fr\/topology\/index.php?rest_route=\/wp\/v2\/types\/page"}],"author":[{"embeddable":true,"href":"https:\/\/projects.lsv.ens-paris-saclay.fr\/topology\/index.php?rest_route=\/wp\/v2\/users\/1"}],"replies":[{"embeddable":true,"href":"https:\/\/projects.lsv.ens-paris-saclay.fr\/topology\/index.php?rest_route=%2Fwp%2Fv2%2Fcomments&post=1272"}],"version-history":[{"count":11,"href":"https:\/\/projects.lsv.ens-paris-saclay.fr\/topology\/index.php?rest_route=\/wp\/v2\/pages\/1272\/revisions"}],"predecessor-version":[{"id":7059,"href":"https:\/\/projects.lsv.ens-paris-saclay.fr\/topology\/index.php?rest_route=\/wp\/v2\/pages\/1272\/revisions\/7059"}],"wp:attachment":[{"href":"https:\/\/projects.lsv.ens-paris-saclay.fr\/topology\/index.php?rest_route=%2Fwp%2Fv2%2Fmedia&parent=1272"}],"curies":[{"name":"wp","href":"https:\/\/api.w.org\/{rel}","templated":true}]}}