{"id":8,"date":"2016-07-27T15:15:36","date_gmt":"2016-07-27T15:15:36","guid":{"rendered":"https:\/\/projects.lsv.ens-paris-saclay.fr\/LifeForm\/?page_id=8"},"modified":"2017-11-15T14:19:48","modified_gmt":"2017-11-15T14:19:48","slug":"participants","status":"publish","type":"page","link":"https:\/\/projects.lsv.ens-paris-saclay.fr\/LifeForm\/?page_id=8","title":{"rendered":"Participants"},"content":{"rendered":"<ul>\n<li>France :\n<ul>\n<li>MExICo team at <a href=\"https:\/\/www.inria.fr\">INRIA<\/a> and LSV,\u00a0 CNRS &amp; ENS Cachan :\n<ul>\n<li><a href=\"https:\/\/www.lsv.ens-paris-saclay.fr\/~chatain\/\"><em>Thomas Chatain<\/em><\/a><\/li>\n<li><em><a href=\"https:\/\/www.lsv.ens-paris-saclay.fr\/~haar\/\" target=\"_blank\" rel=\"noopener\">Stefan Haar<\/a><\/em><\/li>\n<li><a href=\"https:\/\/www.lsv.ens-paris-saclay.fr\" target=\"_blank\" rel=\"noopener\"><em>Hugues Mando<\/em>n<\/a>\u00a0 (LRI-&gt;MExICO on Oct 1st, 2016)<\/li>\n<li><em><a href=\"https:\/\/www.lsv.ens-paris-saclay.fr\/~schwoon\/\" target=\"_blank\" rel=\"noopener\">Stefan Schwoon<\/a><\/em><\/li>\n<li><a href=\"https:\/\/people.mpi-inf.mpg.de\/~mfuegger\/\"><em>Matthias F\u00fcgger<\/em><\/a><\/li>\n<\/ul>\n<\/li>\n<li><em><a href=\"https:\/\/www.lri.fr\">LRI<\/a><\/em>\n<ul>\n<li><a href=\"https:\/\/loicpauleve.name\/\"><em>Lo\u00efc Paulev\u00e9<\/em><\/a><\/li>\n<\/ul>\n<\/li>\n<\/ul>\n<\/li>\n<li>NL: Leiden University\n<ul>\n<li><a href=\"https:\/\/www.universiteitleiden.nl\/en\/staffmembers\/jetty-kleijn#tab-1\">Jetty Kleijn<\/a>, Associate Professor<\/li>\n<li><a href=\"https:\/\/www.universiteitleiden.nl\/en\/staffmembers\/yorim-christiaanse#tab-1\">Yorim Christiaanse<\/a>, Research Assistant<\/li>\n<\/ul>\n<\/li>\n<li>UK: Newcastle University\n<ul>\n<li><em><a href=\"https:\/\/www.ncl.ac.uk\/computing\/people\/profile\/victor.khomenko\">Victor Khomenko<\/a><\/em><\/li>\n<li><em><a href=\"https:\/\/www.ncl.ac.uk\/csr\/people\/profile\/maciej.koutny\">Maciej Koutny<\/a><\/em><\/li>\n<li><em><a href=\"https:\/\/homepages.cs.ncl.ac.uk\/goksel.misirli\/\">Goksel Misirli<\/a><\/em><\/li>\n<li><em><a href=\"https:\/\/www.ncl.ac.uk\/eee\/staff\/profile\/andreymokhov.html#research\">Andrey Mokhov<\/a><\/em><\/li>\n<li><em><a href=\"https:\/\/www.ncl.ac.uk\/computing\/people\/profile\/wendy.smith\">Wendy Smith<\/a><\/em><\/li>\n<li><em><a href=\"https:\/\/www.ncl.ac.uk\/computing\/people\/profile\/anil.wipat\">Anil Wipat<\/a><\/em><\/li>\n<li><em><a href=\"https:\/\/www.ncl.ac.uk\/eee\/staff\/profile\/alexyakovlev.html#background\">Alex Yakovlev<\/a><\/em><\/li>\n<\/ul>\n<\/li>\n<\/ul>\n<p>&nbsp;<\/p>\n","protected":false},"excerpt":{"rendered":"<p>France : MExICo team at INRIA and LSV,\u00a0 CNRS &amp; ENS Cachan : Thomas Chatain Stefan Haar Hugues Mandon\u00a0 (LRI-&gt;MExICO on Oct 1st, 2016) Stefan Schwoon Matthias F\u00fcgger LRI Lo\u00efc Paulev\u00e9 NL: Leiden University Jetty Kleijn, Associate Professor Yorim Christiaanse, Research Assistant UK: Newcastle University Victor Khomenko Maciej Koutny Goksel Misirli Andrey Mokhov Wendy Smith &hellip; <a href=\"https:\/\/projects.lsv.ens-paris-saclay.fr\/LifeForm\/?page_id=8\" class=\"more-link\">Continue reading <span class=\"screen-reader-text\">Participants<\/span><\/a><\/p>\n","protected":false},"author":1,"featured_media":0,"parent":0,"menu_order":0,"comment_status":"closed","ping_status":"closed","template":"","meta":{"footnotes":""},"class_list":["post-8","page","type-page","status-publish","hentry"],"_links":{"self":[{"href":"https:\/\/projects.lsv.ens-paris-saclay.fr\/LifeForm\/index.php?rest_route=\/wp\/v2\/pages\/8","targetHints":{"allow":["GET"]}}],"collection":[{"href":"https:\/\/projects.lsv.ens-paris-saclay.fr\/LifeForm\/index.php?rest_route=\/wp\/v2\/pages"}],"about":[{"href":"https:\/\/projects.lsv.ens-paris-saclay.fr\/LifeForm\/index.php?rest_route=\/wp\/v2\/types\/page"}],"author":[{"embeddable":true,"href":"https:\/\/projects.lsv.ens-paris-saclay.fr\/LifeForm\/index.php?rest_route=\/wp\/v2\/users\/1"}],"replies":[{"embeddable":true,"href":"https:\/\/projects.lsv.ens-paris-saclay.fr\/LifeForm\/index.php?rest_route=%2Fwp%2Fv2%2Fcomments&post=8"}],"version-history":[{"count":6,"href":"https:\/\/projects.lsv.ens-paris-saclay.fr\/LifeForm\/index.php?rest_route=\/wp\/v2\/pages\/8\/revisions"}],"predecessor-version":[{"id":88,"href":"https:\/\/projects.lsv.ens-paris-saclay.fr\/LifeForm\/index.php?rest_route=\/wp\/v2\/pages\/8\/revisions\/88"}],"wp:attachment":[{"href":"https:\/\/projects.lsv.ens-paris-saclay.fr\/LifeForm\/index.php?rest_route=%2Fwp%2Fv2%2Fmedia&parent=8"}],"curies":[{"name":"wp","href":"https:\/\/api.w.org\/{rel}","templated":true}]}}